{"id":32,"date":"2023-08-21T17:03:07","date_gmt":"2023-08-21T17:03:07","guid":{"rendered":"https:\/\/protezionekenda.it\/?page_id=32"},"modified":"2023-08-25T15:03:38","modified_gmt":"2023-08-25T15:03:38","slug":"condizione-di-garanzia","status":"publish","type":"page","link":"https:\/\/protezionekenda.it\/?page_id=32","title":{"rendered":"CONDIZIONE DI GARANZIA"},"content":{"rendered":"\n<p>COPERTURA PER IL TUO ACQUISTO<\/p>\n\n\n\n<p><strong>Condizioni di Attivazione della Garanzia:<\/strong><\/p>\n\n\n\n<p><strong>Procedura di Attivazione e Gestione della Copertura<\/strong><\/p>\n\n\n\n<p><strong>Conservazione della Prova d&#8217;Acquisto:<\/strong> L&#8217;acquirente \u00e8 tenuto a conservare con cura la documentazione dell&#8217;acquisto degli pneumatici, che includer\u00e0 la fattura o lo scontrino relativo.<\/p>\n\n\n\n<p><strong>Attivazione della Polizza:<\/strong> L&#8217;acquirente ha la possibilit\u00e0 di attivare la copertura assicurativa tramite il nostro portale online entro un termine di 7 giorni dall&#8217;acquisto effettuato presso un rivenditore autorizzato. Una volta completata l&#8217;attivazione, l&#8217;acquirente ricever\u00e0 un&#8217;email di conferma da conservare insieme alla prova d&#8217;acquisto degli pneumatici. In caso di necessit\u00e0, l&#8217;acquirente sar\u00e0 invitato a rispondere a questa email per iniziare la procedura di richiesta di copertura.<\/p>\n\n\n\n<p><strong>Procedura per la Richiesta di Copertura in Caso di Danno allo Pneumatico<\/strong><\/p>\n\n\n\n<p>Nel caso in cui si verifichi un danno agli pneumatici, \u00e8 essenziale seguire la seguente procedura entro 7 giorni dall&#8217;incidente:<\/p>\n\n\n\n<p><strong>Comunicazione al Rivenditore:<\/strong> L&#8217;acquirente dovr\u00e0 presentare al rivenditore presso cui \u00e8 stato effettuato l&#8217;acquisto una copia della documentazione della garanzia, che \u00e8 stata attivata in precedenza attraverso il modulo online.<\/p>\n\n\n\n<p><strong>Documentazione Necessaria:<\/strong> Sar\u00e0 necessario fornire al rivenditore la prova d&#8217;acquisto (fattura o scontrino) insieme a una copia della conferma di attivazione della copertura, ricevuta tramite email.<\/p>\n\n\n\n<p><strong>Invio di Fotografie:<\/strong> L&#8217;acquirente dovr\u00e0 inviare almeno 3 fotografie in risposta all&#8217;email di attivazione, che mostrino chiaramente il danno dello pneumatico e forniscano una vista generale dell&#8217;automobile con la targa visibile.<\/p>\n\n\n\n<p><strong>Termini e Condizioni per la Sostituzione dello Pneumatico Danneggiato<\/strong><\/p>\n\n\n\n<p>Nel caso in cui lo pneumatico danneggiato presenti una profondit\u00e0 residua del battistrada superiore a 4 mm, \u00e8 possibile avviare la procedura di sostituzione seguendo le condizioni seguenti:<\/p>\n\n\n\n<p><strong>Copertura per Danni Accidentali:<\/strong> La copertura sar\u00e0 attiva solo per danni accidentali, come rotture o urti.<\/p>\n\n\n\n<p><strong>Sostituzione con Stesso Modello:<\/strong> Qualora la sostituzione sia autorizzata, lo pneumatico danneggiato verr\u00e0 rimpiazzato con uno pneumatico dello stesso marchio, modello e dimensione.<\/p>\n\n\n\n<p><strong>Validit\u00e0 su Singolo Pneumatico:<\/strong> Questa copertura si applica a uno pneumatico individuale. Non sar\u00e0 valida nel caso in cui il numero totale di pneumatici acquistati sia inferiore a 4.<\/p>\n\n\n\n<p><strong>Scadenza e Attivazione:<\/strong> La copertura rimarr\u00e0 valida per i successivi 6 mesi a partire dalla data d&#8217;acquisto degli pneumatici, a condizione che sia stata attivata nel termine di 7 giorni dall&#8217;acquisto.<\/p>\n\n\n\n<p><strong>Esclusioni per Danni Riparabili:<\/strong> La copertura non comprender\u00e0 danni che possano essere riparati, come ad esempio le forature.<\/p>\n\n\n\n<p><strong>Validit\u00e0 su Pneumatici Acquistati da Rivenditori Autorizzati:<\/strong> La copertura sar\u00e0 valida esclusivamente per gli pneumatici che sono stati acquistati e installati presso un rivenditore autorizzato, e solamente in caso di acquisto di un set completo di 4 pneumatici.<\/p>\n\n\n\n<p><strong>Esclusione per Uso Improprio:<\/strong> La copertura sar\u00e0 ritenuta valida unicamente se gli pneumatici non presentano danni derivanti da un utilizzo improprio, come l&#8217;uso su terreni accidentati,sterrati o in competizioni automobilistiche.<\/p>\n\n\n\n<p><strong>Casi Esclusi dalla Copertura<\/strong><\/p>\n\n\n\n<p>Questa copertura non comprender\u00e0 le seguenti situazioni:<\/p>\n\n\n\n<p><strong>Danni da Usura Irregolare:<\/strong> Non saranno inclusi danni causati da usura irregolare, disallineamento delle ruote o montaggio scorretto.<\/p>\n\n\n\n<p><strong>Utilizzo Improprio da Parte dell&#8217;Utente:<\/strong> La copertura non si applicher\u00e0 in caso di danni causati da manutenzione impropria degli pneumatici o del veicolo, uso improprio o abuso.<\/p>\n\n\n\n<p><strong>Utilizzo in Competizioni o su Pista:<\/strong> La copertura non sar\u00e0 valida se gli pneumatici sono utilizzati in competizioni automobilistiche, su pista o per drifting.<\/p>\n\n\n\n<p><strong>Pneumatici con Battistrada Inferiore a 4 mm:<\/strong> Non saranno coperti danni agli pneumatici con una profondit\u00e0 residua del battistrada inferiore a 4 mm.<\/p>\n\n\n\n<p><strong>Pneumatici Acquistati da Rivenditori non Autorizzati:<\/strong> La copertura non sar\u00e0 valida per gli pneumatici acquistati da rivenditori non autorizzati.<\/p>\n\n\n\n<p><strong>Pneumatici Impropriamente Conservati:<\/strong> Non saranno coperti danni causati da pneumatici immagazzinati in modo improprio.<\/p>\n\n\n\n<p><strong>Pneumatici Montati su Altri Veicoli:<\/strong> La copertura non sar\u00e0 valida se gli pneumatici vengono montati su veicoli diversi da quelli indicati al momento dell&#8217;attivazione.<\/p>\n\n\n\n<p><strong>Richiesta di Copertura Fuori Termine:<\/strong> La copertura sar\u00e0 valida solamente se la richiesta di garanzia \u00e8 aperta nei tempi e nei modi previsti (entro 7 giorni dall&#8217;acquisto).<\/p>\n\n\n\n<p><strong>Gestione della Copertura e Limitazioni<\/strong><\/p>\n\n\n\n<p><strong>Durata della Copertura:<\/strong> La copertura rimarr\u00e0 valida per 6 mesi a partire dalla data di acquisto. La validit\u00e0 della copertura potr\u00e0 essere revocata in caso di utilizzo improprio.<\/p>\n\n\n\n<p><strong>Oneri Aggiuntivi:<\/strong> Qualsiasi onere aggiuntivo, come il costo di smontaggio, montaggio, equilibratura e altri servizi correlati, sar\u00e0 a carico dell&#8217;acquirente.<\/p>\n\n\n\n<p><strong>Errore nella Compilazione del Modulo:<\/strong> Nel caso di compilazione errata del modulo di attivazione online, la copertura verr\u00e0 considerata nulla.<\/p>\n\n\n\n<p><strong>Diritto di Sospensione:<\/strong> Ci riserviamo il diritto di sospendere la copertura in qualsiasi momento, senza previa notifica.<\/p>\n\n\n\n<figure class=\"wp-block-table is-style-regular has-small-font-size\"><table class=\"has-cyan-bluish-gray-background-color has-background\"><tbody><tr><td class=\"has-text-align-center\" data-align=\"center\">Quantit\u00e0 rimanente di battistrada in percentuale rispetto a quello originale.<\/td><td>100%<\/td><td>>90%<\/td><td>>80%<\/td><td>>70%<\/td><td>>60%<\/td><td class=\"has-text-align-center\" data-align=\"center\">>50%<\/td><td>>=40%<\/td><td>&lt;40%<\/td><\/tr><tr><td class=\"has-text-align-center\" data-align=\"center\">Credito di sostituzione da utilizzare per l&#8217;acquisto di un nuovo pneumatico.<\/td><td>100%<\/td><td>90%<\/td><td>80%<\/td><td>70%<\/td><td>60%<\/td><td class=\"has-text-align-center\" data-align=\"center\">50%<\/td><td>40%<\/td><td>0%<\/td><\/tr><\/tbody><\/table><figcaption class=\"wp-element-caption\">La profondit\u00e0 residua del battistrada verr\u00e0 calcolata mediante la media della misurazione delle tre scanalature nella zona centrale dello pneumatico, garantendo che nessuna di esse sia inferiore al minimo di 4 mm (qualsiasi valore al di sotto di questa misura non dar\u00e0 diritto a un credito).<\/figcaption><\/figure>\n\n\n\n<p>Il calcolo del credito sar\u00e0 determinato in base alla percentuale rimanente del battistrada e calcolata sul prezzo pagato al momento dell&#8217;acquisto.<\/p>\n","protected":false},"excerpt":{"rendered":"<p>COPERTURA PER IL TUO ACQUISTO Condizioni di Attivazione della Garanzia: Procedura di Attivazione e Gestione della Copertura Conservazione della Prova d&#8217;Acquisto: L&#8217;acquirente \u00e8 tenuto a conservare con cura la documentazione dell&#8217;acquisto degli pneumatici, che includer\u00e0 la fattura o lo scontrino relativo. Attivazione della Polizza: L&#8217;acquirente ha la possibilit\u00e0 di attivare la copertura assicurativa tramite il [&hellip;]<\/p>\n","protected":false},"author":1,"featured_media":0,"parent":0,"menu_order":0,"comment_status":"closed","ping_status":"closed","template":"","meta":{"footnotes":""},"class_list":["post-32","page","type-page","status-publish","hentry"],"_links":{"self":[{"href":"https:\/\/protezionekenda.it\/index.php?rest_route=\/wp\/v2\/pages\/32","targetHints":{"allow":["GET"]}}],"collection":[{"href":"https:\/\/protezionekenda.it\/index.php?rest_route=\/wp\/v2\/pages"}],"about":[{"href":"https:\/\/protezionekenda.it\/index.php?rest_route=\/wp\/v2\/types\/page"}],"author":[{"embeddable":true,"href":"https:\/\/protezionekenda.it\/index.php?rest_route=\/wp\/v2\/users\/1"}],"replies":[{"embeddable":true,"href":"https:\/\/protezionekenda.it\/index.php?rest_route=%2Fwp%2Fv2%2Fcomments&post=32"}],"version-history":[{"count":26,"href":"https:\/\/protezionekenda.it\/index.php?rest_route=\/wp\/v2\/pages\/32\/revisions"}],"predecessor-version":[{"id":106,"href":"https:\/\/protezionekenda.it\/index.php?rest_route=\/wp\/v2\/pages\/32\/revisions\/106"}],"wp:attachment":[{"href":"https:\/\/protezionekenda.it\/index.php?rest_route=%2Fwp%2Fv2%2Fmedia&parent=32"}],"curies":[{"name":"wp","href":"https:\/\/api.w.org\/{rel}","templated":true}]}}