{"id":3,"date":"2023-08-18T08:58:14","date_gmt":"2023-08-18T08:58:14","guid":{"rendered":"https:\/\/protezionekenda.it\/?page_id=3"},"modified":"2026-01-26T15:19:50","modified_gmt":"2026-01-26T15:19:50","slug":"privacy-policy","status":"publish","type":"page","link":"https:\/\/protezionekenda.it\/?page_id=3","title":{"rendered":"Privacy Policy"},"content":{"rendered":"\n<p><strong>Informativa sulla privacy<\/strong><\/p>\n\n\n\n<p>ARTICOLO 14: PROTEZIONE DEI DATI PERSONALI<\/p>\n\n\n\n<p>Pneus In s.r.l. attua tutte le misure necessarie per rispettare i diritti personali legati al trattamento dei dati personali ai sensi dell&#8217;art. 13 del d.lg. n. 196\/2003 &#8211; Codice in materia di protezione dei dati personali. L&#8217;informativa si ispira anche alla Raccomandazione n. 2\/2001 che le autorit\u00e0 europee per la protezione dei dati personali, riunite nel Gruppo istituito dall&#8217;art. 29 della direttiva n. 95\/46\/CE, hanno adottato il 17 maggio 2001 per individuare alcuni requisiti minimi per la raccolta di dati personali on-line, e, in particolare, le modalit\u00e0, i tempi e la natura delle informazioni che i titolari del trattamento devono fornire agli utenti quando questi si collegano a pagine web, indipendentemente dagli scopi del collegamento.<\/p>\n\n\n\n<p>Tutti i dati personali vengono inviati e memorizzati in modo sicuro dal hosting del sito web in Italia. Salvagomme pu\u00f2 essere portato a raccogliere i dati personali degli utenti del proprio sito.<\/p>\n\n\n\n<p>Ogni raccolta di dati viene appositamente eseguita per finalit\u00e0 esplicite chiaramente indicate nella pagina del sito in cui vengono raccolti i dati. A questo proposito, si ricorda che:<\/p>\n\n\n\n<p>Per quanto riguarda la vendita di elementi, le finalit\u00e0 della raccolta e del trattamento sono la prevenzione delle frodi, la definizione della base contrattuale, la prosecuzione e l\u2019esecuzione dei contratti sottoscritti e il miglioramento dei prodotti o dei servizi \/ sondaggi sulla soddisfazione post-vendita. La base giuridica di questo trattamento \u00e8 l\u2019esecuzione di un contratto (articolo 6.1.b del Regolamento Europeo);<br>Se hai espresso il tuo consenso, la prospezione da parte dei nostri partner commerciali \u00e8 una finalit\u00e0 aggiuntiva. La base giuridica di questo trattamento \u00e8 il consenso (articolo 6.1.a del Regolamento Europeo);<br>Per quanto riguarda la creazione e la gestione dell\u2019account, le finalit\u00e0 della raccolta e del trattamento sono la creazione e la gestione dell\u2019account e il miglioramento dei prodotti o delle prestazioni. La base giuridica di questo trattamento \u00e8 l\u2019esecuzione di un contratto (articolo 6.1.b del Regolamento Europeo);<br>Ai sensi della normativa applicabile, Salvagomme.it si riserva la facolt\u00e0 di svolgere attivit\u00e0 di prospezione commerciale allo scopo di proporti prodotti e servizi analoghi a quelli sottoscritti. In caso di marketing diretto o di prospezione commerciale, puoi revocare il consenso a questa attivit\u00e0 in qualsiasi momento: basta cliccare sul link posizionato in basso nelle comunicazioni elettroniche.<\/p>\n\n\n\n<p>Se il Cliente ritiene che le informazioni non riflettono la realt\u00e0, sono incomplete o inesatte, egli pu\u00f2 richiederne la correzione, l&#8217;aggiornamento o la cancellazione per posta.<\/p>\n\n\n\n<p>Il Cliente pu\u00f2 sempre ottenere informazioni su come il Venditore tratta i suoi dati personali accedendo alla Privacy Policy disponibile sul Sito.<\/p>\n","protected":false},"excerpt":{"rendered":"<p>Informativa sulla privacy ARTICOLO 14: PROTEZIONE DEI DATI PERSONALI Pneus In s.r.l. attua tutte le misure necessarie per rispettare i diritti personali legati al trattamento dei dati personali ai sensi dell&#8217;art. 13 del d.lg. n. 196\/2003 &#8211; Codice in materia di protezione dei dati personali. L&#8217;informativa si ispira anche alla Raccomandazione n. 2\/2001 che le [&hellip;]<\/p>\n","protected":false},"author":1,"featured_media":0,"parent":0,"menu_order":0,"comment_status":"closed","ping_status":"open","template":"","meta":{"footnotes":""},"class_list":["post-3","page","type-page","status-publish","hentry"],"_links":{"self":[{"href":"https:\/\/protezionekenda.it\/index.php?rest_route=\/wp\/v2\/pages\/3","targetHints":{"allow":["GET"]}}],"collection":[{"href":"https:\/\/protezionekenda.it\/index.php?rest_route=\/wp\/v2\/pages"}],"about":[{"href":"https:\/\/protezionekenda.it\/index.php?rest_route=\/wp\/v2\/types\/page"}],"author":[{"embeddable":true,"href":"https:\/\/protezionekenda.it\/index.php?rest_route=\/wp\/v2\/users\/1"}],"replies":[{"embeddable":true,"href":"https:\/\/protezionekenda.it\/index.php?rest_route=%2Fwp%2Fv2%2Fcomments&post=3"}],"version-history":[{"count":2,"href":"https:\/\/protezionekenda.it\/index.php?rest_route=\/wp\/v2\/pages\/3\/revisions"}],"predecessor-version":[{"id":266,"href":"https:\/\/protezionekenda.it\/index.php?rest_route=\/wp\/v2\/pages\/3\/revisions\/266"}],"wp:attachment":[{"href":"https:\/\/protezionekenda.it\/index.php?rest_route=%2Fwp%2Fv2%2Fmedia&parent=3"}],"curies":[{"name":"wp","href":"https:\/\/api.w.org\/{rel}","templated":true}]}}